{"id":400,"date":"2023-01-11T12:53:26","date_gmt":"2023-01-11T12:53:26","guid":{"rendered":"https:\/\/vrhistory.blueray.ee\/?page_id=400"},"modified":"2024-05-01T15:31:52","modified_gmt":"2024-05-01T15:31:52","slug":"extended-reality","status":"publish","type":"page","link":"https:\/\/vrhistory.blueray.ee\/fi\/extended-reality\/","title":{"rendered":"Extended Reality"},"content":{"rendered":"<blockquote><p>Augmented Reality (AR) is the integration of digital information with the user&#8217;s environment in real time, i.e. users experience a\u00a0 real-world environment with digital information overlaid on top of it.<\/p>\n<p><strong>Example:<\/strong> Outdoor AR game \u201cSchool Journey of Toots\u201d at Palamuse Museum<br \/>\n<img decoding=\"async\" class=\"alignnone size-medium wp-image-127\" src=\"https:\/\/vrhistory.blueray.ee\/wp-content\/uploads\/2022\/10\/Screenshot_20220924-123907_Tootsi-Seiklus-146x300.jpg\" alt=\"\" width=\"146\" height=\"300\" srcset=\"https:\/\/vrhistory.blueray.ee\/wp-content\/uploads\/2022\/10\/Screenshot_20220924-123907_Tootsi-Seiklus-146x300.jpg 146w, https:\/\/vrhistory.blueray.ee\/wp-content\/uploads\/2022\/10\/Screenshot_20220924-123907_Tootsi-Seiklus-scaled-600x1234.jpg 600w, https:\/\/vrhistory.blueray.ee\/wp-content\/uploads\/2022\/10\/Screenshot_20220924-123907_Tootsi-Seiklus-498x1024.jpg 498w, https:\/\/vrhistory.blueray.ee\/wp-content\/uploads\/2022\/10\/Screenshot_20220924-123907_Tootsi-Seiklus-768x1579.jpg 768w, https:\/\/vrhistory.blueray.ee\/wp-content\/uploads\/2022\/10\/Screenshot_20220924-123907_Tootsi-Seiklus-747x1536.jpg 747w, https:\/\/vrhistory.blueray.ee\/wp-content\/uploads\/2022\/10\/Screenshot_20220924-123907_Tootsi-Seiklus-996x2048.jpg 996w, https:\/\/vrhistory.blueray.ee\/wp-content\/uploads\/2022\/10\/Screenshot_20220924-123907_Tootsi-Seiklus-scaled.jpg 1245w\" sizes=\"(max-width: 146px) 100vw, 146px\" \/><\/p><\/blockquote>\n<p>&nbsp;<\/p>\n<blockquote><p>Virtual reality (VR) is a computer-generated environment making the participant feel the presence and immersiveness. As we say, one reality at a time. \ud83d\ude09<\/p>\n<p><strong>Example:<\/strong> Visitors in the Time Portal &#8220;VR Toila 1938&#8221;<br \/>\n<img fetchpriority=\"high\" decoding=\"async\" class=\"alignnone size-medium wp-image-291\" src=\"https:\/\/vrhistory.blueray.ee\/wp-content\/uploads\/2022\/09\/Time-Portal-VR-Toila-1938_2.-klass-300x200.jpg\" alt=\"\" width=\"300\" height=\"200\" srcset=\"https:\/\/vrhistory.blueray.ee\/wp-content\/uploads\/2022\/09\/Time-Portal-VR-Toila-1938_2.-klass-300x200.jpg 300w, https:\/\/vrhistory.blueray.ee\/wp-content\/uploads\/2022\/09\/Time-Portal-VR-Toila-1938_2.-klass-scaled-600x400.jpg 600w, https:\/\/vrhistory.blueray.ee\/wp-content\/uploads\/2022\/09\/Time-Portal-VR-Toila-1938_2.-klass-1024x683.jpg 1024w, https:\/\/vrhistory.blueray.ee\/wp-content\/uploads\/2022\/09\/Time-Portal-VR-Toila-1938_2.-klass-768x512.jpg 768w, https:\/\/vrhistory.blueray.ee\/wp-content\/uploads\/2022\/09\/Time-Portal-VR-Toila-1938_2.-klass-1536x1024.jpg 1536w, https:\/\/vrhistory.blueray.ee\/wp-content\/uploads\/2022\/09\/Time-Portal-VR-Toila-1938_2.-klass-2048x1365.jpg 2048w\" sizes=\"(max-width: 300px) 100vw, 300px\" \/><\/p><\/blockquote>\n<p>&nbsp;<\/p>\n<blockquote><p>Kolmiulotteisen laserskannauksen avulla voidaan hyvin nopeasti ker\u00e4t\u00e4 yksityiskohtaista tietoa sormenp\u00e4ist\u00e4 valtaviin rakennuksiin ja koko ymp\u00e4rist\u00f6\u00f6n.<\/p>\n<p><strong>Examples:<\/strong><\/p>\n<div id='gallery-1' class='gallery galleryid-400 gallery-columns-3 gallery-size-medium'><figure class='gallery-item'>\n\t\t\t<div class='gallery-icon portrait'>\n\t\t\t\t<a href='https:\/\/vrhistory.blueray.ee\/fi\/extended-reality\/20220721_074950\/#main'><img decoding=\"async\" width=\"225\" height=\"300\" src=\"https:\/\/vrhistory.blueray.ee\/wp-content\/uploads\/2023\/01\/20220721_074950-225x300.jpg\" class=\"attachment-medium size-medium\" alt=\"\" aria-describedby=\"gallery-1-420\" srcset=\"https:\/\/vrhistory.blueray.ee\/wp-content\/uploads\/2023\/01\/20220721_074950-225x300.jpg 225w, https:\/\/vrhistory.blueray.ee\/wp-content\/uploads\/2023\/01\/20220721_074950-scaled-600x800.jpg 600w, https:\/\/vrhistory.blueray.ee\/wp-content\/uploads\/2023\/01\/20220721_074950-768x1024.jpg 768w, https:\/\/vrhistory.blueray.ee\/wp-content\/uploads\/2023\/01\/20220721_074950-1152x1536.jpg 1152w, https:\/\/vrhistory.blueray.ee\/wp-content\/uploads\/2023\/01\/20220721_074950-1536x2048.jpg 1536w, https:\/\/vrhistory.blueray.ee\/wp-content\/uploads\/2023\/01\/20220721_074950-scaled.jpg 1920w\" sizes=\"(max-width: 225px) 100vw, 225px\" \/><\/a>\n\t\t\t<\/div>\n\t\t\t\t<figcaption class='wp-caption-text gallery-caption' id='gallery-1-420'>\n\t\t\t\tLaser scanning of Freedom Square\n\t\t\t\t<\/figcaption><\/figure><figure class='gallery-item'>\n\t\t\t<div class='gallery-icon landscape'>\n\t\t\t\t<a href='https:\/\/vrhistory.blueray.ee\/fi\/extended-reality\/harju-tn-34\/#main'><img loading=\"lazy\" decoding=\"async\" width=\"300\" height=\"169\" src=\"https:\/\/vrhistory.blueray.ee\/wp-content\/uploads\/2023\/05\/Harju-tn-34-300x169.png\" class=\"attachment-medium size-medium\" alt=\"\" aria-describedby=\"gallery-1-564\" srcset=\"https:\/\/vrhistory.blueray.ee\/wp-content\/uploads\/2023\/05\/Harju-tn-34-300x169.png 300w, https:\/\/vrhistory.blueray.ee\/wp-content\/uploads\/2023\/05\/Harju-tn-34-600x337.png 600w, https:\/\/vrhistory.blueray.ee\/wp-content\/uploads\/2023\/05\/Harju-tn-34-768x432.png 768w, https:\/\/vrhistory.blueray.ee\/wp-content\/uploads\/2023\/05\/Harju-tn-34-18x10.png 18w, https:\/\/vrhistory.blueray.ee\/wp-content\/uploads\/2023\/05\/Harju-tn-34.png 1017w\" sizes=\"(max-width: 300px) 100vw, 300px\" \/><\/a>\n\t\t\t<\/div>\n\t\t\t\t<figcaption class='wp-caption-text gallery-caption' id='gallery-1-564'>\n\t\t\t\tHarju St. 34 in 3D\n\t\t\t\t<\/figcaption><\/figure><figure class='gallery-item'>\n\t\t\t<div class='gallery-icon landscape'>\n\t\t\t\t<a href='https:\/\/vrhistory.blueray.ee\/fi\/extended-reality\/harju-tn-32\/#main'><img loading=\"lazy\" decoding=\"async\" width=\"300\" height=\"174\" src=\"https:\/\/vrhistory.blueray.ee\/wp-content\/uploads\/2023\/05\/Harju-tn-32-300x174.png\" class=\"attachment-medium size-medium\" alt=\"\" aria-describedby=\"gallery-1-565\" srcset=\"https:\/\/vrhistory.blueray.ee\/wp-content\/uploads\/2023\/05\/Harju-tn-32-300x174.png 300w, https:\/\/vrhistory.blueray.ee\/wp-content\/uploads\/2023\/05\/Harju-tn-32-600x347.png 600w, https:\/\/vrhistory.blueray.ee\/wp-content\/uploads\/2023\/05\/Harju-tn-32-768x444.png 768w, https:\/\/vrhistory.blueray.ee\/wp-content\/uploads\/2023\/05\/Harju-tn-32-18x10.png 18w, https:\/\/vrhistory.blueray.ee\/wp-content\/uploads\/2023\/05\/Harju-tn-32.png 989w\" sizes=\"(max-width: 300px) 100vw, 300px\" \/><\/a>\n\t\t\t<\/div>\n\t\t\t\t<figcaption class='wp-caption-text gallery-caption' id='gallery-1-565'>\n\t\t\t\tHarju St. 32 in 3D\n\t\t\t\t<\/figcaption><\/figure>\n\t\t<\/div>\n\n<div id='gallery-2' class='gallery galleryid-400 gallery-columns-3 gallery-size-medium'><figure class='gallery-item'>\n\t\t\t<div class='gallery-icon landscape'>\n\t\t\t\t<a href='https:\/\/vrhistory.blueray.ee\/fi\/extended-reality\/veesaapa_maare\/#main'><img loading=\"lazy\" decoding=\"async\" width=\"300\" height=\"300\" src=\"https:\/\/vrhistory.blueray.ee\/wp-content\/uploads\/2023\/01\/Veesaapa_Maare-300x300.jpg\" class=\"attachment-medium size-medium\" alt=\"\" aria-describedby=\"gallery-2-424\" srcset=\"https:\/\/vrhistory.blueray.ee\/wp-content\/uploads\/2023\/01\/Veesaapa_Maare-300x300.jpg 300w, https:\/\/vrhistory.blueray.ee\/wp-content\/uploads\/2023\/01\/Veesaapa_Maare-100x100.jpg 100w, https:\/\/vrhistory.blueray.ee\/wp-content\/uploads\/2023\/01\/Veesaapa_Maare-600x600.jpg 600w, https:\/\/vrhistory.blueray.ee\/wp-content\/uploads\/2023\/01\/Veesaapa_Maare-1024x1024.jpg 1024w, https:\/\/vrhistory.blueray.ee\/wp-content\/uploads\/2023\/01\/Veesaapa_Maare-150x150.jpg 150w, https:\/\/vrhistory.blueray.ee\/wp-content\/uploads\/2023\/01\/Veesaapa_Maare-768x768.jpg 768w, https:\/\/vrhistory.blueray.ee\/wp-content\/uploads\/2023\/01\/Veesaapa_Maare.jpg 1080w\" sizes=\"(max-width: 300px) 100vw, 300px\" \/><\/a>\n\t\t\t<\/div>\n\t\t\t\t<figcaption class='wp-caption-text gallery-caption' id='gallery-2-424'>\n\t\t\t\tObjects from museum collection\n\t\t\t\t<\/figcaption><\/figure><figure class='gallery-item'>\n\t\t\t<div class='gallery-icon landscape'>\n\t\t\t\t<a href='https:\/\/vrhistory.blueray.ee\/fi\/extended-reality\/puidust_tooriist_pal1019_22\/#main'><img loading=\"lazy\" decoding=\"async\" width=\"300\" height=\"300\" src=\"https:\/\/vrhistory.blueray.ee\/wp-content\/uploads\/2023\/01\/puidust_tooriist_PAL1019_22-300x300.jpg\" class=\"attachment-medium size-medium\" alt=\"\" aria-describedby=\"gallery-2-423\" srcset=\"https:\/\/vrhistory.blueray.ee\/wp-content\/uploads\/2023\/01\/puidust_tooriist_PAL1019_22-300x300.jpg 300w, https:\/\/vrhistory.blueray.ee\/wp-content\/uploads\/2023\/01\/puidust_tooriist_PAL1019_22-100x100.jpg 100w, https:\/\/vrhistory.blueray.ee\/wp-content\/uploads\/2023\/01\/puidust_tooriist_PAL1019_22-600x600.jpg 600w, https:\/\/vrhistory.blueray.ee\/wp-content\/uploads\/2023\/01\/puidust_tooriist_PAL1019_22-1024x1024.jpg 1024w, https:\/\/vrhistory.blueray.ee\/wp-content\/uploads\/2023\/01\/puidust_tooriist_PAL1019_22-150x150.jpg 150w, https:\/\/vrhistory.blueray.ee\/wp-content\/uploads\/2023\/01\/puidust_tooriist_PAL1019_22-768x768.jpg 768w, https:\/\/vrhistory.blueray.ee\/wp-content\/uploads\/2023\/01\/puidust_tooriist_PAL1019_22.jpg 1080w\" sizes=\"(max-width: 300px) 100vw, 300px\" \/><\/a>\n\t\t\t<\/div>\n\t\t\t\t<figcaption class='wp-caption-text gallery-caption' id='gallery-2-423'>\n\t\t\t\tObjects from museum collection\n\t\t\t\t<\/figcaption><\/figure><figure class='gallery-item'>\n\t\t\t<div class='gallery-icon landscape'>\n\t\t\t\t<a href='https:\/\/vrhistory.blueray.ee\/fi\/extended-reality\/kingakreem\/#main'><img loading=\"lazy\" decoding=\"async\" width=\"300\" height=\"300\" src=\"https:\/\/vrhistory.blueray.ee\/wp-content\/uploads\/2023\/01\/Kingakreem-300x300.jpg\" class=\"attachment-medium size-medium\" alt=\"\" aria-describedby=\"gallery-2-422\" srcset=\"https:\/\/vrhistory.blueray.ee\/wp-content\/uploads\/2023\/01\/Kingakreem-300x300.jpg 300w, https:\/\/vrhistory.blueray.ee\/wp-content\/uploads\/2023\/01\/Kingakreem-100x100.jpg 100w, https:\/\/vrhistory.blueray.ee\/wp-content\/uploads\/2023\/01\/Kingakreem-600x600.jpg 600w, https:\/\/vrhistory.blueray.ee\/wp-content\/uploads\/2023\/01\/Kingakreem-1024x1024.jpg 1024w, https:\/\/vrhistory.blueray.ee\/wp-content\/uploads\/2023\/01\/Kingakreem-150x150.jpg 150w, https:\/\/vrhistory.blueray.ee\/wp-content\/uploads\/2023\/01\/Kingakreem-768x768.jpg 768w, https:\/\/vrhistory.blueray.ee\/wp-content\/uploads\/2023\/01\/Kingakreem.jpg 1080w\" sizes=\"(max-width: 300px) 100vw, 300px\" \/><\/a>\n\t\t\t<\/div>\n\t\t\t\t<figcaption class='wp-caption-text gallery-caption' id='gallery-2-422'>\n\t\t\t\tObjects from museum collection\n\t\t\t\t<\/figcaption><\/figure>\n\t\t<\/div>\n\n<div id='gallery-3' class='gallery galleryid-400 gallery-columns-2 gallery-size-medium'><figure class='gallery-item'>\n\t\t\t<div class='gallery-icon portrait'>\n\t\t\t\t<a href='https:\/\/vrhistory.blueray.ee\/fi\/extended-reality\/palamuse-veski\/#main'><img loading=\"lazy\" decoding=\"async\" width=\"225\" height=\"300\" src=\"https:\/\/vrhistory.blueray.ee\/wp-content\/uploads\/2023\/01\/Palamuse-veski-225x300.jpg\" class=\"attachment-medium size-medium\" alt=\"\" aria-describedby=\"gallery-3-421\" srcset=\"https:\/\/vrhistory.blueray.ee\/wp-content\/uploads\/2023\/01\/Palamuse-veski-225x300.jpg 225w, https:\/\/vrhistory.blueray.ee\/wp-content\/uploads\/2023\/01\/Palamuse-veski-600x800.jpg 600w, https:\/\/vrhistory.blueray.ee\/wp-content\/uploads\/2023\/01\/Palamuse-veski-768x1024.jpg 768w, https:\/\/vrhistory.blueray.ee\/wp-content\/uploads\/2023\/01\/Palamuse-veski-1152x1536.jpg 1152w, https:\/\/vrhistory.blueray.ee\/wp-content\/uploads\/2023\/01\/Palamuse-veski.jpg 1536w\" sizes=\"(max-width: 225px) 100vw, 225px\" \/><\/a>\n\t\t\t<\/div>\n\t\t\t\t<figcaption class='wp-caption-text gallery-caption' id='gallery-3-421'>\n\t\t\t\tLaser scanning of an old mill\n\t\t\t\t<\/figcaption><\/figure><figure class='gallery-item'>\n\t\t\t<div class='gallery-icon landscape'>\n\t\t\t\t<a href='https:\/\/vrhistory.blueray.ee\/fi\/extended-reality\/veski_mudel\/#main'><img loading=\"lazy\" decoding=\"async\" width=\"300\" height=\"191\" src=\"https:\/\/vrhistory.blueray.ee\/wp-content\/uploads\/2023\/05\/Veski_mudel-300x191.jpg\" class=\"attachment-medium size-medium\" alt=\"\" aria-describedby=\"gallery-3-567\" srcset=\"https:\/\/vrhistory.blueray.ee\/wp-content\/uploads\/2023\/05\/Veski_mudel-300x191.jpg 300w, https:\/\/vrhistory.blueray.ee\/wp-content\/uploads\/2023\/05\/Veski_mudel-600x381.jpg 600w, https:\/\/vrhistory.blueray.ee\/wp-content\/uploads\/2023\/05\/Veski_mudel-1024x651.jpg 1024w, https:\/\/vrhistory.blueray.ee\/wp-content\/uploads\/2023\/05\/Veski_mudel-768x488.jpg 768w, https:\/\/vrhistory.blueray.ee\/wp-content\/uploads\/2023\/05\/Veski_mudel-18x12.jpg 18w, https:\/\/vrhistory.blueray.ee\/wp-content\/uploads\/2023\/05\/Veski_mudel.jpg 1138w\" sizes=\"(max-width: 300px) 100vw, 300px\" \/><\/a>\n\t\t\t<\/div>\n\t\t\t\t<figcaption class='wp-caption-text gallery-caption' id='gallery-3-567'>\n\t\t\t\t3D model of the mill\n\t\t\t\t<\/figcaption><\/figure>\n\t\t<\/div>\n\n<p>&nbsp;<\/p><\/blockquote>\n<p>&nbsp;<\/p>\n<blockquote><p>Kolmiulotteinen projektiokartoitus on projektioteknologia, jossa kolmiulotteiset kohteet tilakartoitetaan virtuaalisessa ohjelmistossa, joka imitoi todellista ymp\u00e4rist\u00f6\u00e4, jossa kohteet my\u00f6hemmin esitet\u00e4\u00e4n.<\/p>\n<p><strong>Example:<\/strong><br \/>\n<img loading=\"lazy\" decoding=\"async\" class=\"alignnone size-medium wp-image-427\" src=\"https:\/\/vrhistory.blueray.ee\/wp-content\/uploads\/2023\/01\/DSC_4014-300x200.jpg\" alt=\"\" width=\"300\" height=\"200\" srcset=\"https:\/\/vrhistory.blueray.ee\/wp-content\/uploads\/2023\/01\/DSC_4014-300x200.jpg 300w, https:\/\/vrhistory.blueray.ee\/wp-content\/uploads\/2023\/01\/DSC_4014-scaled-600x400.jpg 600w, https:\/\/vrhistory.blueray.ee\/wp-content\/uploads\/2023\/01\/DSC_4014-1024x683.jpg 1024w, https:\/\/vrhistory.blueray.ee\/wp-content\/uploads\/2023\/01\/DSC_4014-768x512.jpg 768w, https:\/\/vrhistory.blueray.ee\/wp-content\/uploads\/2023\/01\/DSC_4014-1536x1024.jpg 1536w, https:\/\/vrhistory.blueray.ee\/wp-content\/uploads\/2023\/01\/DSC_4014-2048x1365.jpg 2048w\" sizes=\"(max-width: 300px) 100vw, 300px\" \/><\/p><\/blockquote>\n<p>&nbsp;<\/p>\n<blockquote><p>Kolmiulotteinen hologrammi on puolestaan valoa heijastamalla luotu ilmassa leijuva kolmiulotteinen kuva. Toisin kuin perinteinen valokuva, hologrammi on nimenomaan kolmiulotteinen, ja virtuaalisesta ja laajennetusta todellisuudesta poiketen useat henkil\u00f6t n\u00e4kev\u00e4t ne samanaikaisesti.<\/p>\n<p><strong>Example:<\/strong> 3D hologram bees next to the ancient beehive at the Saatse museum<br \/>\n<img loading=\"lazy\" decoding=\"async\" class=\"alignnone size-medium wp-image-428\" src=\"https:\/\/vrhistory.blueray.ee\/wp-content\/uploads\/2023\/01\/20220513_183300-225x300.jpg\" alt=\"\" width=\"225\" height=\"300\" srcset=\"https:\/\/vrhistory.blueray.ee\/wp-content\/uploads\/2023\/01\/20220513_183300-225x300.jpg 225w, https:\/\/vrhistory.blueray.ee\/wp-content\/uploads\/2023\/01\/20220513_183300-scaled-600x800.jpg 600w, https:\/\/vrhistory.blueray.ee\/wp-content\/uploads\/2023\/01\/20220513_183300-768x1024.jpg 768w, https:\/\/vrhistory.blueray.ee\/wp-content\/uploads\/2023\/01\/20220513_183300-1152x1536.jpg 1152w, https:\/\/vrhistory.blueray.ee\/wp-content\/uploads\/2023\/01\/20220513_183300-1536x2048.jpg 1536w, https:\/\/vrhistory.blueray.ee\/wp-content\/uploads\/2023\/01\/20220513_183300-scaled.jpg 1920w\" sizes=\"(max-width: 225px) 100vw, 225px\" \/><\/p><\/blockquote>","protected":false},"excerpt":{"rendered":"<p>Augmented Reality (AR) is the integration of digital information with the user&#8217;s environment in real time, i.e. users experience a\u00a0 real-world environment with digital information overlaid on top of it. Example: Outdoor AR game \u201cSchool Journey of Toots\u201d at Palamuse Museum &nbsp; Virtual reality (VR) is a computer-generated environment making the participant feel the presence [&hellip;]<\/p>\n","protected":false},"author":1,"featured_media":100,"parent":0,"menu_order":0,"comment_status":"closed","ping_status":"closed","template":"","meta":{"footnotes":""},"class_list":["post-400","page","type-page","status-publish","has-post-thumbnail","hentry"],"jetpack_sharing_enabled":true,"_links":{"self":[{"href":"https:\/\/vrhistory.blueray.ee\/fi\/wp-json\/wp\/v2\/pages\/400","targetHints":{"allow":["GET"]}}],"collection":[{"href":"https:\/\/vrhistory.blueray.ee\/fi\/wp-json\/wp\/v2\/pages"}],"about":[{"href":"https:\/\/vrhistory.blueray.ee\/fi\/wp-json\/wp\/v2\/types\/page"}],"author":[{"embeddable":true,"href":"https:\/\/vrhistory.blueray.ee\/fi\/wp-json\/wp\/v2\/users\/1"}],"replies":[{"embeddable":true,"href":"https:\/\/vrhistory.blueray.ee\/fi\/wp-json\/wp\/v2\/comments?post=400"}],"version-history":[{"count":5,"href":"https:\/\/vrhistory.blueray.ee\/fi\/wp-json\/wp\/v2\/pages\/400\/revisions"}],"predecessor-version":[{"id":404,"href":"https:\/\/vrhistory.blueray.ee\/fi\/wp-json\/wp\/v2\/pages\/400\/revisions\/404"}],"wp:featuredmedia":[{"embeddable":true,"href":"https:\/\/vrhistory.blueray.ee\/fi\/wp-json\/wp\/v2\/media\/100"}],"wp:attachment":[{"href":"https:\/\/vrhistory.blueray.ee\/fi\/wp-json\/wp\/v2\/media?parent=400"}],"curies":[{"name":"wp","href":"https:\/\/api.w.org\/{rel}","templated":true}]}}