{"id":4646,"date":"2025-12-30T08:57:47","date_gmt":"2025-12-30T08:57:47","guid":{"rendered":"https:\/\/vrhistory.blueray.ee\/?page_id=4646"},"modified":"2025-12-30T09:00:57","modified_gmt":"2025-12-30T09:00:57","slug":"partner-discounts","status":"publish","type":"page","link":"https:\/\/vrhistory.blueray.ee\/fi\/partner-discounts\/","title":{"rendered":"Partner Discounts"},"content":{"rendered":"<div data-elementor-type=\"wp-page\" data-elementor-id=\"4646\" class=\"elementor elementor-4646\">\n\t\t\t\t\t\t<section class=\"elementor-section elementor-top-section elementor-element elementor-element-cb5b04f elementor-section-boxed elementor-section-height-default elementor-section-height-default\" data-id=\"cb5b04f\" data-element_type=\"section\">\n\t\t\t\t\t\t<div class=\"elementor-container elementor-column-gap-default\">\n\t\t\t\t\t<div class=\"elementor-column elementor-col-100 elementor-top-column elementor-element elementor-element-0c5565c\" data-id=\"0c5565c\" data-element_type=\"column\">\n\t\t\t<div class=\"elementor-widget-wrap elementor-element-populated\">\n\t\t\t\t\t\t<div class=\"elementor-element elementor-element-084410f elementor-widget elementor-widget-text-editor\" data-id=\"084410f\" data-element_type=\"widget\" data-widget_type=\"text-editor.default\">\n\t\t\t\t<div class=\"elementor-widget-container\">\n\t\t\t\t\t\t\t\t\t<p>Would you like to explore Tartu through time and space?<\/p><p>Join a virtual time-travel experience and discover Tartu not only in the past, but also through special offers with our partners for a whole week.<\/p>\t\t\t\t\t\t\t\t<\/div>\n\t\t\t\t<\/div>\n\t\t\t\t\t<\/div>\n\t\t<\/div>\n\t\t\t\t\t<\/div>\n\t\t<\/section>\n\t\t\t\t<section class=\"elementor-section elementor-top-section elementor-element elementor-element-22c4bdfe elementor-section-content-middle elementor-reverse-mobile elementor-section-boxed elementor-section-height-default elementor-section-height-default\" data-id=\"22c4bdfe\" data-element_type=\"section\">\n\t\t\t\t\t\t<div class=\"elementor-container elementor-column-gap-no\">\n\t\t\t\t\t<div class=\"elementor-column elementor-col-50 elementor-top-column elementor-element elementor-element-291292f1\" data-id=\"291292f1\" data-element_type=\"column\">\n\t\t\t<div class=\"elementor-widget-wrap elementor-element-populated\">\n\t\t\t\t\t\t<div class=\"elementor-element elementor-element-370f35ae elementor-widget elementor-widget-heading\" data-id=\"370f35ae\" data-element_type=\"widget\" data-widget_type=\"heading.default\">\n\t\t\t\t<div class=\"elementor-widget-container\">\n\t\t\t\t\t<h4 class=\"elementor-heading-title elementor-size-default\">VR History &amp; Aura Centre  7-Day Discount<\/h4>\t\t\t\t<\/div>\n\t\t\t\t<\/div>\n\t\t\t\t<div class=\"elementor-element elementor-element-70c16693 elementor-widget elementor-widget-text-editor\" data-id=\"70c16693\" data-element_type=\"widget\" data-widget_type=\"text-editor.default\">\n\t\t\t\t<div class=\"elementor-widget-container\">\n\t\t\t\t\t\t\t\t\t<p data-start=\"401\" data-end=\"607\">If you visit both the <strong data-start=\"423\" data-end=\"484\">VR History virtual time-travel experience \u201cVR Tartu 1913\u201d<\/strong> and the <strong data-start=\"493\" data-end=\"508\">Aura Centre<\/strong> within one week, you can receive a <strong data-start=\"544\" data-end=\"560\">10% discount<\/strong> at the second venue by presenting your ticket.<\/p><p data-start=\"609\" data-end=\"719\">At the Aura Centre, the discount applies to <strong data-start=\"653\" data-end=\"692\">water park and sauna centre tickets<\/strong>.<br data-start=\"693\" data-end=\"696\" \/><br \/><\/p><p data-start=\"721\" data-end=\"834\">* To use the discount at the Aura Centre, please <strong data-start=\"771\" data-end=\"811\">print your VR History e-confirmation<\/strong> and bring it with you.<\/p>\t\t\t\t\t\t\t\t<\/div>\n\t\t\t\t<\/div>\n\t\t\t\t<div class=\"elementor-element elementor-element-7ccec01a elementor-widget elementor-widget-button\" data-id=\"7ccec01a\" data-element_type=\"widget\" data-widget_type=\"button.default\">\n\t\t\t\t<div class=\"elementor-widget-container\">\n\t\t\t\t\t\t\t\t\t<div class=\"elementor-button-wrapper\">\n\t\t\t\t\t<a class=\"elementor-button elementor-button-link elementor-size-sm elementor-animation-grow\" href=\"https:\/\/aurakeskus.ee\/hinnakiri\/uldhinnakiri\/\" target=\"_blank\">\n\t\t\t\t\t\t<span class=\"elementor-button-content-wrapper\">\n\t\t\t\t\t\t\t\t\t<span class=\"elementor-button-text\">Aura Centre<\/span>\n\t\t\t\t\t<\/span>\n\t\t\t\t\t<\/a>\n\t\t\t\t<\/div>\n\t\t\t\t\t\t\t\t<\/div>\n\t\t\t\t<\/div>\n\t\t\t\t\t<\/div>\n\t\t<\/div>\n\t\t\t\t<div class=\"elementor-column elementor-col-50 elementor-top-column elementor-element elementor-element-4181e613\" data-id=\"4181e613\" data-element_type=\"column\">\n\t\t\t<div class=\"elementor-widget-wrap elementor-element-populated\">\n\t\t\t\t\t\t<div class=\"elementor-element elementor-element-6f552d85 elementor-widget elementor-widget-image\" data-id=\"6f552d85\" data-element_type=\"widget\" data-widget_type=\"image.default\">\n\t\t\t\t<div class=\"elementor-widget-container\">\n\t\t\t\t\t\t\t\t\t\t\t\t\t\t\t<img fetchpriority=\"high\" decoding=\"async\" width=\"2048\" height=\"1366\" src=\"https:\/\/vrhistory.blueray.ee\/wp-content\/uploads\/2025\/12\/Aura-keskus-2022-Veeb-_5T_2883-Edit.jpg\" class=\"attachment-full size-full wp-image-4648\" alt=\"\" srcset=\"https:\/\/vrhistory.blueray.ee\/wp-content\/uploads\/2025\/12\/Aura-keskus-2022-Veeb-_5T_2883-Edit.jpg 2048w, https:\/\/vrhistory.blueray.ee\/wp-content\/uploads\/2025\/12\/Aura-keskus-2022-Veeb-_5T_2883-Edit-300x200.jpg 300w, https:\/\/vrhistory.blueray.ee\/wp-content\/uploads\/2025\/12\/Aura-keskus-2022-Veeb-_5T_2883-Edit-1024x683.jpg 1024w, https:\/\/vrhistory.blueray.ee\/wp-content\/uploads\/2025\/12\/Aura-keskus-2022-Veeb-_5T_2883-Edit-768x512.jpg 768w, https:\/\/vrhistory.blueray.ee\/wp-content\/uploads\/2025\/12\/Aura-keskus-2022-Veeb-_5T_2883-Edit-1536x1025.jpg 1536w, https:\/\/vrhistory.blueray.ee\/wp-content\/uploads\/2025\/12\/Aura-keskus-2022-Veeb-_5T_2883-Edit-18x12.jpg 18w, https:\/\/vrhistory.blueray.ee\/wp-content\/uploads\/2025\/12\/Aura-keskus-2022-Veeb-_5T_2883-Edit-600x400.jpg 600w\" sizes=\"(max-width: 2048px) 100vw, 2048px\" \/>\t\t\t\t\t\t\t\t\t\t\t\t\t\t\t<\/div>\n\t\t\t\t<\/div>\n\t\t\t\t\t<\/div>\n\t\t<\/div>\n\t\t\t\t\t<\/div>\n\t\t<\/section>\n\t\t\t\t<section class=\"elementor-section elementor-top-section elementor-element elementor-element-07ccf9c elementor-section-content-middle elementor-reverse-mobile elementor-section-boxed elementor-section-height-default elementor-section-height-default\" data-id=\"07ccf9c\" data-element_type=\"section\">\n\t\t\t\t\t\t<div class=\"elementor-container elementor-column-gap-no\">\n\t\t\t\t\t<div class=\"elementor-column elementor-col-50 elementor-top-column elementor-element elementor-element-9dfc192\" data-id=\"9dfc192\" data-element_type=\"column\">\n\t\t\t<div class=\"elementor-widget-wrap elementor-element-populated\">\n\t\t\t\t\t\t<div class=\"elementor-element elementor-element-e8a154e elementor-widget elementor-widget-heading\" data-id=\"e8a154e\" data-element_type=\"widget\" data-widget_type=\"heading.default\">\n\t\t\t\t<div class=\"elementor-widget-container\">\n\t\t\t\t\t<h4 class=\"elementor-heading-title elementor-size-default\">VR History &amp; Escape Tartu  7-Day Discount<\/h4>\t\t\t\t<\/div>\n\t\t\t\t<\/div>\n\t\t\t\t<div class=\"elementor-element elementor-element-323afc8 elementor-widget elementor-widget-text-editor\" data-id=\"323afc8\" data-element_type=\"widget\" data-widget_type=\"text-editor.default\">\n\t\t\t\t<div class=\"elementor-widget-container\">\n\t\t\t\t\t\t\t\t\t<p data-start=\"401\" data-end=\"607\">If you visit both <strong data-start=\"905\" data-end=\"924\">\u201cVR Tartu 1913\u201d<\/strong> and an <strong data-start=\"932\" data-end=\"960\">Escape Tartu escape room<\/strong> within one week, you will receive a <strong data-start=\"997\" data-end=\"1013\">10% discount<\/strong> at the second venue by presenting your VR time-travel ticket or Escape Tartu voucher.<br data-start=\"1099\" data-end=\"1102\" \/><br \/><\/p>\t\t\t\t\t\t\t\t<\/div>\n\t\t\t\t<\/div>\n\t\t\t\t<div class=\"elementor-element elementor-element-a6e322f elementor-widget elementor-widget-button\" data-id=\"a6e322f\" data-element_type=\"widget\" data-widget_type=\"button.default\">\n\t\t\t\t<div class=\"elementor-widget-container\">\n\t\t\t\t\t\t\t\t\t<div class=\"elementor-button-wrapper\">\n\t\t\t\t\t<a class=\"elementor-button elementor-button-link elementor-size-sm elementor-animation-grow\" href=\"https:\/\/escapetartu.ee\/\" target=\"_blank\">\n\t\t\t\t\t\t<span class=\"elementor-button-content-wrapper\">\n\t\t\t\t\t\t\t\t\t<span class=\"elementor-button-text\">Escape Tartu<\/span>\n\t\t\t\t\t<\/span>\n\t\t\t\t\t<\/a>\n\t\t\t\t<\/div>\n\t\t\t\t\t\t\t\t<\/div>\n\t\t\t\t<\/div>\n\t\t\t\t\t<\/div>\n\t\t<\/div>\n\t\t\t\t<div class=\"elementor-column elementor-col-50 elementor-top-column elementor-element elementor-element-ca6250b\" data-id=\"ca6250b\" data-element_type=\"column\">\n\t\t\t<div class=\"elementor-widget-wrap elementor-element-populated\">\n\t\t\t\t\t\t<div class=\"elementor-element elementor-element-2534209 elementor-widget elementor-widget-image\" data-id=\"2534209\" data-element_type=\"widget\" data-widget_type=\"image.default\">\n\t\t\t\t<div class=\"elementor-widget-container\">\n\t\t\t\t\t\t\t\t\t\t\t\t\t\t\t<img decoding=\"async\" width=\"999\" height=\"694\" src=\"https:\/\/vrhistory.blueray.ee\/wp-content\/uploads\/2025\/12\/people-trying-to-escape.jpg\" class=\"attachment-full size-full wp-image-4649\" alt=\"\" srcset=\"https:\/\/vrhistory.blueray.ee\/wp-content\/uploads\/2025\/12\/people-trying-to-escape.jpg 999w, https:\/\/vrhistory.blueray.ee\/wp-content\/uploads\/2025\/12\/people-trying-to-escape-300x208.jpg 300w, https:\/\/vrhistory.blueray.ee\/wp-content\/uploads\/2025\/12\/people-trying-to-escape-768x534.jpg 768w, https:\/\/vrhistory.blueray.ee\/wp-content\/uploads\/2025\/12\/people-trying-to-escape-18x12.jpg 18w, https:\/\/vrhistory.blueray.ee\/wp-content\/uploads\/2025\/12\/people-trying-to-escape-600x417.jpg 600w\" sizes=\"(max-width: 999px) 100vw, 999px\" \/>\t\t\t\t\t\t\t\t\t\t\t\t\t\t\t<\/div>\n\t\t\t\t<\/div>\n\t\t\t\t\t<\/div>\n\t\t<\/div>\n\t\t\t\t\t<\/div>\n\t\t<\/section>\n\t\t\t\t<section class=\"elementor-section elementor-top-section elementor-element elementor-element-160918f elementor-section-content-middle elementor-reverse-mobile elementor-section-boxed elementor-section-height-default elementor-section-height-default\" data-id=\"160918f\" data-element_type=\"section\">\n\t\t\t\t\t\t<div class=\"elementor-container elementor-column-gap-no\">\n\t\t\t\t\t<div class=\"elementor-column elementor-col-50 elementor-top-column elementor-element elementor-element-3dc372e\" data-id=\"3dc372e\" data-element_type=\"column\">\n\t\t\t<div class=\"elementor-widget-wrap elementor-element-populated\">\n\t\t\t\t\t\t<div class=\"elementor-element elementor-element-50b494f elementor-widget elementor-widget-heading\" data-id=\"50b494f\" data-element_type=\"widget\" data-widget_type=\"heading.default\">\n\t\t\t\t<div class=\"elementor-widget-container\">\n\t\t\t\t\t<h4 class=\"elementor-heading-title elementor-size-default\">VR History &amp; Seto Line 7-Day Discount<\/h4>\t\t\t\t<\/div>\n\t\t\t\t<\/div>\n\t\t\t\t<div class=\"elementor-element elementor-element-00950ed elementor-widget elementor-widget-text-editor\" data-id=\"00950ed\" data-element_type=\"widget\" data-widget_type=\"text-editor.default\">\n\t\t\t\t<div class=\"elementor-widget-container\">\n\t\t\t\t\t\t\t\t\t<p data-start=\"1188\" data-end=\"1278\">If you visit <strong data-start=\"1201\" data-end=\"1220\">\u201cVR Tartu 1913\u201d<\/strong> and take a boat trip aboard <strong data-start=\"1249\" data-end=\"1261\">M\/L Alfa<\/strong> within one week:<\/p><ul><li data-start=\"1281\" data-end=\"1352\">Present your VR time-travel ticket to receive <strong data-start=\"1327\" data-end=\"1352\">20% off the boat trip<\/strong><\/li><li data-start=\"1281\" data-end=\"1352\">Present your Seto Line ticket to receive <strong data-start=\"1396\" data-end=\"1437\">10% off the VR time-travel experience<\/strong><\/li><\/ul>\t\t\t\t\t\t\t\t<\/div>\n\t\t\t\t<\/div>\n\t\t\t\t<div class=\"elementor-element elementor-element-aa3c29f elementor-widget elementor-widget-button\" data-id=\"aa3c29f\" data-element_type=\"widget\" data-widget_type=\"button.default\">\n\t\t\t\t<div class=\"elementor-widget-container\">\n\t\t\t\t\t\t\t\t\t<div class=\"elementor-button-wrapper\">\n\t\t\t\t\t<a class=\"elementor-button elementor-button-link elementor-size-sm elementor-animation-grow\" href=\"https:\/\/setoline.ee\/\" target=\"_blank\">\n\t\t\t\t\t\t<span class=\"elementor-button-content-wrapper\">\n\t\t\t\t\t\t\t\t\t<span class=\"elementor-button-text\">Seto Line<\/span>\n\t\t\t\t\t<\/span>\n\t\t\t\t\t<\/a>\n\t\t\t\t<\/div>\n\t\t\t\t\t\t\t\t<\/div>\n\t\t\t\t<\/div>\n\t\t\t\t\t<\/div>\n\t\t<\/div>\n\t\t\t\t<div class=\"elementor-column elementor-col-50 elementor-top-column elementor-element elementor-element-f72ca6b\" data-id=\"f72ca6b\" data-element_type=\"column\">\n\t\t\t<div class=\"elementor-widget-wrap elementor-element-populated\">\n\t\t\t\t\t\t<div class=\"elementor-element elementor-element-0f02c4a elementor-widget elementor-widget-image\" data-id=\"0f02c4a\" data-element_type=\"widget\" data-widget_type=\"image.default\">\n\t\t\t\t<div class=\"elementor-widget-container\">\n\t\t\t\t\t\t\t\t\t\t\t\t\t\t\t<img decoding=\"async\" width=\"1048\" height=\"562\" src=\"https:\/\/vrhistory.blueray.ee\/wp-content\/uploads\/2025\/12\/seto-line-alfa.jpg\" class=\"attachment-full size-full wp-image-4650\" alt=\"\" srcset=\"https:\/\/vrhistory.blueray.ee\/wp-content\/uploads\/2025\/12\/seto-line-alfa.jpg 1048w, https:\/\/vrhistory.blueray.ee\/wp-content\/uploads\/2025\/12\/seto-line-alfa-300x161.jpg 300w, https:\/\/vrhistory.blueray.ee\/wp-content\/uploads\/2025\/12\/seto-line-alfa-1024x549.jpg 1024w, https:\/\/vrhistory.blueray.ee\/wp-content\/uploads\/2025\/12\/seto-line-alfa-768x412.jpg 768w, https:\/\/vrhistory.blueray.ee\/wp-content\/uploads\/2025\/12\/seto-line-alfa-18x10.jpg 18w, https:\/\/vrhistory.blueray.ee\/wp-content\/uploads\/2025\/12\/seto-line-alfa-600x322.jpg 600w\" sizes=\"(max-width: 1048px) 100vw, 1048px\" \/>\t\t\t\t\t\t\t\t\t\t\t\t\t\t\t<\/div>\n\t\t\t\t<\/div>\n\t\t\t\t\t<\/div>\n\t\t<\/div>\n\t\t\t\t\t<\/div>\n\t\t<\/section>\n\t\t\t\t<section class=\"elementor-section elementor-top-section elementor-element elementor-element-52c804d elementor-section-content-middle elementor-reverse-mobile elementor-section-boxed elementor-section-height-default elementor-section-height-default\" data-id=\"52c804d\" data-element_type=\"section\">\n\t\t\t\t\t\t<div class=\"elementor-container elementor-column-gap-no\">\n\t\t\t\t\t<div class=\"elementor-column elementor-col-50 elementor-top-column elementor-element elementor-element-1ca9a7e\" data-id=\"1ca9a7e\" data-element_type=\"column\">\n\t\t\t<div class=\"elementor-widget-wrap elementor-element-populated\">\n\t\t\t\t\t\t<div class=\"elementor-element elementor-element-ce91710 elementor-widget elementor-widget-heading\" data-id=\"ce91710\" data-element_type=\"widget\" data-widget_type=\"heading.default\">\n\t\t\t\t<div class=\"elementor-widget-container\">\n\t\t\t\t\t<h4 class=\"elementor-heading-title elementor-size-default\">VR History &amp; Safecracker 7-Day Discount<\/h4>\t\t\t\t<\/div>\n\t\t\t\t<\/div>\n\t\t\t\t<div class=\"elementor-element elementor-element-91164e8 elementor-widget elementor-widget-text-editor\" data-id=\"91164e8\" data-element_type=\"widget\" data-widget_type=\"text-editor.default\">\n\t\t\t\t<div class=\"elementor-widget-container\">\n\t\t\t\t\t\t\t\t\t<p data-start=\"1188\" data-end=\"1278\">If you visit <strong data-start=\"1201\" data-end=\"1220\">\u201cVR Tartu 1913\u201d<\/strong> and the <strong data-start=\"1553\" data-end=\"1580\">Safecracker escape room<\/strong>\u00a0within one week:<\/p><ul><li data-start=\"1281\" data-end=\"1352\">Present your VR time-travel ticket to receive <strong data-start=\"1646\" data-end=\"1673\">20% off the escape room<\/strong><\/li><li data-start=\"1281\" data-end=\"1352\">Present your Safecracker ticket to receive <strong data-start=\"1396\" data-end=\"1437\">10% off the VR time-travel experience<\/strong><\/li><\/ul>\t\t\t\t\t\t\t\t<\/div>\n\t\t\t\t<\/div>\n\t\t\t\t<div class=\"elementor-element elementor-element-af5485e elementor-widget elementor-widget-button\" data-id=\"af5485e\" data-element_type=\"widget\" data-widget_type=\"button.default\">\n\t\t\t\t<div class=\"elementor-widget-container\">\n\t\t\t\t\t\t\t\t\t<div class=\"elementor-button-wrapper\">\n\t\t\t\t\t<a class=\"elementor-button elementor-button-link elementor-size-sm elementor-animation-grow\" href=\"https:\/\/www.safecracker.ee\/\" target=\"_blank\">\n\t\t\t\t\t\t<span class=\"elementor-button-content-wrapper\">\n\t\t\t\t\t\t\t\t\t<span class=\"elementor-button-text\">Safecracker<\/span>\n\t\t\t\t\t<\/span>\n\t\t\t\t\t<\/a>\n\t\t\t\t<\/div>\n\t\t\t\t\t\t\t\t<\/div>\n\t\t\t\t<\/div>\n\t\t\t\t\t<\/div>\n\t\t<\/div>\n\t\t\t\t<div class=\"elementor-column elementor-col-50 elementor-top-column elementor-element elementor-element-989efb4\" data-id=\"989efb4\" data-element_type=\"column\">\n\t\t\t<div class=\"elementor-widget-wrap elementor-element-populated\">\n\t\t\t\t\t\t<div class=\"elementor-element elementor-element-0b13acf elementor-widget elementor-widget-image\" data-id=\"0b13acf\" data-element_type=\"widget\" data-widget_type=\"image.default\">\n\t\t\t\t<div class=\"elementor-widget-container\">\n\t\t\t\t\t\t\t\t\t\t\t\t\t\t\t<img loading=\"lazy\" decoding=\"async\" width=\"2000\" height=\"1333\" src=\"https:\/\/vrhistory.blueray.ee\/wp-content\/uploads\/2025\/12\/safecracker.jpg\" class=\"attachment-full size-full wp-image-4651\" alt=\"\" srcset=\"https:\/\/vrhistory.blueray.ee\/wp-content\/uploads\/2025\/12\/safecracker.jpg 2000w, https:\/\/vrhistory.blueray.ee\/wp-content\/uploads\/2025\/12\/safecracker-300x200.jpg 300w, https:\/\/vrhistory.blueray.ee\/wp-content\/uploads\/2025\/12\/safecracker-1024x682.jpg 1024w, https:\/\/vrhistory.blueray.ee\/wp-content\/uploads\/2025\/12\/safecracker-768x512.jpg 768w, https:\/\/vrhistory.blueray.ee\/wp-content\/uploads\/2025\/12\/safecracker-1536x1024.jpg 1536w, https:\/\/vrhistory.blueray.ee\/wp-content\/uploads\/2025\/12\/safecracker-18x12.jpg 18w, https:\/\/vrhistory.blueray.ee\/wp-content\/uploads\/2025\/12\/safecracker-600x400.jpg 600w\" sizes=\"(max-width: 2000px) 100vw, 2000px\" \/>\t\t\t\t\t\t\t\t\t\t\t\t\t\t\t<\/div>\n\t\t\t\t<\/div>\n\t\t\t\t\t<\/div>\n\t\t<\/div>\n\t\t\t\t\t<\/div>\n\t\t<\/section>\n\t\t\t\t<section class=\"elementor-section elementor-top-section elementor-element elementor-element-86cb7c5 elementor-section-boxed elementor-section-height-default elementor-section-height-default\" data-id=\"86cb7c5\" data-element_type=\"section\">\n\t\t\t\t\t\t<div class=\"elementor-container elementor-column-gap-default\">\n\t\t\t\t\t<div class=\"elementor-column elementor-col-100 elementor-top-column elementor-element elementor-element-a4640dd\" data-id=\"a4640dd\" data-element_type=\"column\">\n\t\t\t<div class=\"elementor-widget-wrap elementor-element-populated\">\n\t\t\t\t\t\t<div class=\"elementor-element elementor-element-7ec6e3b elementor-widget elementor-widget-text-editor\" data-id=\"7ec6e3b\" data-element_type=\"widget\" data-widget_type=\"text-editor.default\">\n\t\t\t\t<div class=\"elementor-widget-container\">\n\t\t\t\t\t\t\t\t\t<h5 data-start=\"1792\" data-end=\"1816\"><span style=\"color: #67519b;\">K\u00c4YT\u00c4NN\u00d6NTIETOA<\/span><\/h5><ul><li data-start=\"1843\" data-end=\"1987\">Tickets for <strong data-start=\"1855\" data-end=\"1874\">\u201cVR Tartu 1913\u201d<\/strong> are sold online. To receive partner discounts, please present your <strong data-start=\"1974\" data-end=\"1986\">e-ticket<\/strong>.\u00a0<\/li><li data-start=\"1843\" data-end=\"1987\">To book a discounted visit to <strong data-start=\"2020\" data-end=\"2039\">\u201cVR Tartu 1913\u201d<\/strong> using a partner ticket, please book <a href=\"https:\/\/vrhistory.blueray.ee\/fi\/vr-tartu-1913\/\"><strong data-start=\"2076\" data-end=\"2084\">t\u00e4\u00e4lt\u00e4<\/strong><\/a> and add discount code <strong><span style=\"color: #67519b;\">PARTNER<\/span><\/strong>. We will ask to see the partner ticket <strong data-start=\"411\" data-end=\"422\">on site<\/strong>.\u00a0<\/li><li data-start=\"1843\" data-end=\"1987\">Discounts apply according to the <strong data-start=\"2197\" data-end=\"2240\">number of visitors stated on the ticket<\/strong>.<br data-start=\"2241\" data-end=\"2244\" \/>For example, if the VR ticket is valid for three visitors, the partner discount applies to a maximum of three visitors.<\/li><\/ul>\t\t\t\t\t\t\t\t<\/div>\n\t\t\t\t<\/div>\n\t\t\t\t\t<\/div>\n\t\t<\/div>\n\t\t\t\t\t<\/div>\n\t\t<\/section>\n\t\t\t\t<\/div>","protected":false},"excerpt":{"rendered":"<p>Would you like to explore Tartu through time and space? Join a virtual time-travel experience and discover Tartu not only in the past, but also through special offers with our partners for a whole week. VR History &amp; Aura Centre 7-Day Discount If you visit both the VR History virtual time-travel experience \u201cVR Tartu 1913\u201d [&hellip;]<\/p>\n","protected":false},"author":1,"featured_media":0,"parent":0,"menu_order":0,"comment_status":"closed","ping_status":"closed","template":"","meta":{"footnotes":""},"class_list":["post-4646","page","type-page","status-publish","hentry"],"jetpack_sharing_enabled":true,"_links":{"self":[{"href":"https:\/\/vrhistory.blueray.ee\/fi\/wp-json\/wp\/v2\/pages\/4646","targetHints":{"allow":["GET"]}}],"collection":[{"href":"https:\/\/vrhistory.blueray.ee\/fi\/wp-json\/wp\/v2\/pages"}],"about":[{"href":"https:\/\/vrhistory.blueray.ee\/fi\/wp-json\/wp\/v2\/types\/page"}],"author":[{"embeddable":true,"href":"https:\/\/vrhistory.blueray.ee\/fi\/wp-json\/wp\/v2\/users\/1"}],"replies":[{"embeddable":true,"href":"https:\/\/vrhistory.blueray.ee\/fi\/wp-json\/wp\/v2\/comments?post=4646"}],"version-history":[{"count":5,"href":"https:\/\/vrhistory.blueray.ee\/fi\/wp-json\/wp\/v2\/pages\/4646\/revisions"}],"predecessor-version":[{"id":4655,"href":"https:\/\/vrhistory.blueray.ee\/fi\/wp-json\/wp\/v2\/pages\/4646\/revisions\/4655"}],"wp:attachment":[{"href":"https:\/\/vrhistory.blueray.ee\/fi\/wp-json\/wp\/v2\/media?parent=4646"}],"curies":[{"name":"wp","href":"https:\/\/api.w.org\/{rel}","templated":true}]}}