{"id":4260,"date":"2025-02-17T07:15:03","date_gmt":"2025-02-17T07:15:03","guid":{"rendered":"https:\/\/vrhistory.blueray.ee\/?post_type=product&#038;p=4260"},"modified":"2025-02-20T08:07:25","modified_gmt":"2025-02-20T08:07:25","slug":"martsipommitamist-meenutades","status":"publish","type":"product","link":"https:\/\/vrhistory.blueray.ee\/fi\/product\/martsipommitamist-meenutades\/","title":{"rendered":"M\u00e4rtsipommitamist meenutades"},"content":{"rendered":"<p>\u00dchisporgramm koosneb virtuaalreaalse ajar\u00e4nnaku \u201eVR Tallinn 1939\/44\u201c II osast ja muuseumiekskursioonist \u201eNiguliste t\u00f5useb tuhast\u201c.<\/p>\n<h5>Minevik ootab sind \u2013 ole kohal!<\/h5>\n<p>&nbsp;<\/p>\n<h2>Praktiline info<\/h2>\n<ul>\n<li>\u00dchisprogramm algab <strong><span style=\"color: #f5b5d2;\">9. m\u00e4rtsil kell 13.00<\/span><\/strong> VR History filiaalis VR Tallinn 1939\/44.<\/li>\n<li><span style=\"color: #f5b5d2;\"><strong>VR Tallinn 1939\/44<\/strong><\/span> ruumid asuvad Vabaduse v\u00e4ljaku j\u00e4lak\u00e4ijate tunnelis (R-Kioski vastas).<\/li>\n<li>Palume osalejatel riietuda vastavalt ilmale, sest \u00fchisporgrammi I osa toimub vabas \u00f5hus. Palun v\u00f5tke vajadusel ka vihmavarjud \u00fches.<\/li>\n<li>Kes kannab prille, sellel on mugavam tulla l\u00e4\u00e4tsedega v\u00f5i eelistada v\u00e4iksema raamiga prille.<\/li>\n<li><strong><span style=\"color: #f5b5d2;\">Niguliste muusemis<\/span><\/strong> j\u00e4tkub programm kell 14.00.<\/li>\n<\/ul>\n<h5><\/h5>","protected":false},"excerpt":{"rendered":"<p>VR History ja Niguliste muuseum kutsuvad m\u00e4rtsipommitamise 81. aastap\u00e4eva meenutavale \u00fchisele ajar\u00e4nnakule.<\/p>\n<p>&nbsp;<\/p>","protected":false},"featured_media":4263,"comment_status":"closed","ping_status":"closed","template":"","meta":[],"product_brand":[],"product_cat":[64],"product_tag":[],"class_list":{"0":"post-4260","1":"product","2":"type-product","3":"status-publish","4":"has-post-thumbnail","6":"product_cat-vr-tallinn-1939-44","8":"first","9":"instock","10":"downloadable","11":"virtual","12":"purchasable","13":"product-type-simple"},"jetpack_sharing_enabled":true,"_links":{"self":[{"href":"https:\/\/vrhistory.blueray.ee\/fi\/wp-json\/wp\/v2\/product\/4260","targetHints":{"allow":["GET"]}}],"collection":[{"href":"https:\/\/vrhistory.blueray.ee\/fi\/wp-json\/wp\/v2\/product"}],"about":[{"href":"https:\/\/vrhistory.blueray.ee\/fi\/wp-json\/wp\/v2\/types\/product"}],"replies":[{"embeddable":true,"href":"https:\/\/vrhistory.blueray.ee\/fi\/wp-json\/wp\/v2\/comments?post=4260"}],"wp:featuredmedia":[{"embeddable":true,"href":"https:\/\/vrhistory.blueray.ee\/fi\/wp-json\/wp\/v2\/media\/4263"}],"wp:attachment":[{"href":"https:\/\/vrhistory.blueray.ee\/fi\/wp-json\/wp\/v2\/media?parent=4260"}],"wp:term":[{"taxonomy":"product_brand","embeddable":true,"href":"https:\/\/vrhistory.blueray.ee\/fi\/wp-json\/wp\/v2\/product_brand?post=4260"},{"taxonomy":"product_cat","embeddable":true,"href":"https:\/\/vrhistory.blueray.ee\/fi\/wp-json\/wp\/v2\/product_cat?post=4260"},{"taxonomy":"product_tag","embeddable":true,"href":"https:\/\/vrhistory.blueray.ee\/fi\/wp-json\/wp\/v2\/product_tag?post=4260"}],"curies":[{"name":"wp","href":"https:\/\/api.w.org\/{rel}","templated":true}]}}